{"id":1327,"date":"2025-08-19T12:47:43","date_gmt":"2025-08-19T12:47:43","guid":{"rendered":"https:\/\/numlica.com\/slapuku-politika\/"},"modified":"2025-09-08T12:25:01","modified_gmt":"2025-09-08T12:25:01","slug":"slapuku-politika","status":"publish","type":"page","link":"https:\/\/numlica.com\/lt\/slapuku-politika\/","title":{"rendered":"Slapuk\u0173 politika"},"content":{"rendered":"\t\t<div data-elementor-type=\"wp-page\" data-elementor-id=\"1327\" class=\"elementor elementor-1327 elementor-1148\">\n\t\t\t\t<div class=\"elementor-element elementor-element-3cc78dde e-flex e-con-boxed e-con e-parent\" data-id=\"3cc78dde\" data-element_type=\"container\">\n\t\t\t\t\t<div class=\"e-con-inner\">\n\t\t\t\t<div class=\"elementor-element elementor-element-66fb73f2 elementor-widget elementor-widget-text-editor\" data-id=\"66fb73f2\" data-element_type=\"widget\" data-widget_type=\"text-editor.default\">\n\t\t\t\t<div class=\"elementor-widget-container\">\n\t\t\t\t\t\t\t\t\t\n<h2 data-start=\"419\" data-end=\"442\">1. Kas yra slapukai?<\/h2>\n<p data-start=\"443\" data-end=\"621\">Slapukai yra ma\u017ei tekstiniai failai, saugomi j\u016bs\u0173 \u012frenginyje, kai lankot\u0117s m\u016bs\u0173 svetain\u0117je. Jie padeda mums pagerinti j\u016bs\u0173 nar\u0161ymo patirt\u012f, suprasti svetain\u0117s sraut\u0105 ir prisiminti j\u016bs\u0173 nuostatas. <\/p>\n<p data-start=\"623\" data-end=\"739\">Kai kurie slapukai yra b\u016btini svetain\u0117s veikimui, o kiti padeda mums analizuoti naudojim\u0105 ir tobulinti m\u016bs\u0173 paslaugas.<\/p>\n<hr data-start=\"741\" data-end=\"744\">\n<h2 data-start=\"746\" data-end=\"775\">2. Slapuk\u0173 tipai, kuriuos naudojame<\/h2>\n<p data-start=\"776\" data-end=\"819\">Mes naudojame \u0161ias slapuk\u0173 kategorijas:<\/p>\n<ul data-start=\"821\" data-end=\"1336\">\n<li data-start=\"821\" data-end=\"937\">\n<p data-start=\"823\" data-end=\"937\"><strong data-start=\"823\" data-end=\"844\">B\u016btini slapukai<\/strong><br data-start=\"844\" data-end=\"847\">Reikalingi, kad svetain\u0117 tinkamai veikt\u0173 (pvz., prisijungimas, saugumas, apkrovos balansavimas).<\/p>\n<\/li>\n<li data-start=\"939\" data-end=\"1102\">\n<p data-start=\"941\" data-end=\"1102\"><strong data-start=\"941\" data-end=\"976\">Analitiniai ir na\u0161umo slapukai<\/strong><br data-start=\"976\" data-end=\"979\">Naudojami analizuoti, kaip lankytojai naudojasi m\u016bs\u0173 svetaine (pvz., \u201eGoogle Analytics\u201c). Jie padeda mums tobulinti funkcionalum\u0105 ir turin\u012f. <\/p>\n<\/li>\n<li data-start=\"1104\" data-end=\"1188\">\n<p data-start=\"1106\" data-end=\"1188\"><strong data-start=\"1106\" data-end=\"1128\">Funkciniai slapukai<\/strong><br data-start=\"1128\" data-end=\"1131\">Prisimena j\u016bs\u0173 nuostatas (pvz., kalbos pasirinkim\u0105).<\/p>\n<\/li>\n<li data-start=\"1190\" data-end=\"1336\">\n<p data-start=\"1192\" data-end=\"1336\"><strong data-start=\"1192\" data-end=\"1229\">Rinkodaros slapukai (jei taikoma)<\/strong><br data-start=\"1229\" data-end=\"1232\">Gali b\u016bti naudojami pateikti aktualias reklamas, jei vykdome rinkodaros kampanijas (\u0161iuo metu nenaudojami).<\/p>\n<\/li>\n<\/ul>\n<hr data-start=\"1338\" data-end=\"1341\">\n<h2 data-start=\"1343\" data-end=\"1368\">3. Tre\u010di\u0173j\u0173 \u0161ali\u0173 slapukai<\/h2>\n<p data-start=\"1369\" data-end=\"1432\">Kai kurie slapukai yra nustatyti tre\u010di\u0173j\u0173 \u0161ali\u0173 paslaug\u0173, kurias naudojame, pavyzd\u017eiui:<\/p>\n<ul data-start=\"1433\" data-end=\"1576\">\n<li data-start=\"1433\" data-end=\"1476\">\n<p data-start=\"1435\" data-end=\"1476\"><strong data-start=\"1435\" data-end=\"1455\">Google Analytics<\/strong> (srauto analiz\u0117)<\/p>\n<\/li>\n<li data-start=\"1477\" data-end=\"1524\">\n<p data-start=\"1479\" data-end=\"1524\"><strong data-start=\"1479\" data-end=\"1496\">YouTube\/Vimeo<\/strong> (\u012fterpt\u0173 vaizdo \u012fra\u0161\u0173 atk\u016brimas)<\/p>\n<\/li>\n<li data-start=\"1525\" data-end=\"1576\">\n<p data-start=\"1527\" data-end=\"1576\"><strong data-start=\"1527\" data-end=\"1548\">Mok\u0117jimo paslaug\u0173 teik\u0117jai<\/strong> (perkant kursus)<\/p>\n<\/li>\n<\/ul>\n<p data-start=\"1578\" data-end=\"1666\">\u0160ios tre\u010diosios \u0161alys gali naudoti savo slapukus pagal savo privatumo politik\u0105.<\/p>\n<hr data-start=\"1668\" data-end=\"1671\">\n<h2 data-start=\"1673\" data-end=\"1693\">4. Slapuk\u0173 sutikimas<\/h2>\n<p data-start=\"1694\" data-end=\"1794\">Pirm\u0105 kart\u0105 apsilankius m\u016bs\u0173 svetain\u0117je, bus rodomas prane\u0161imas, pra\u0161antis j\u016bs\u0173 sutikimo naudoti neb\u016btinuosius slapukus.<\/p>\n<ul data-start=\"1795\" data-end=\"1971\">\n<li data-start=\"1795\" data-end=\"1879\">\n<p data-start=\"1797\" data-end=\"1879\">Galite sutikti su visais slapukais, atmesti neb\u016btinuosius slapukus arba valdyti nuostatas.<\/p>\n<\/li>\n<li data-start=\"1880\" data-end=\"1971\">\n<p data-start=\"1882\" data-end=\"1971\">B\u016btini slapukai negali b\u016bti i\u0161jungti, nes jie yra b\u016btini pagrindin\u0117ms svetain\u0117s funkcijoms.<\/p>\n<\/li>\n<\/ul>\n<hr data-start=\"1973\" data-end=\"1976\">\n<h2 data-start=\"1978\" data-end=\"2014\">5. Slapuk\u0173 valdymas ir i\u0161jungimas<\/h2>\n<p data-start=\"2015\" data-end=\"2065\">Galite valdyti slapukus savo nar\u0161ykl\u0117s nustatymuose:<\/p>\n<ul data-start=\"2066\" data-end=\"2469\">\n<li data-start=\"2066\" data-end=\"2174\">\n<p data-start=\"2068\" data-end=\"2174\">Chrome: <a class=\"decorated-link cursor-pointer\" target=\"_new\" rel=\"noopener\" data-start=\"2076\" data-end=\"2172\">https:\/\/support.google.com\/chrome\/answer\/95647<\/a><\/p>\n<\/li>\n<li data-start=\"2175\" data-end=\"2318\">\n<p data-start=\"2177\" data-end=\"2318\">Firefox: <a class=\"decorated-link cursor-pointer\" target=\"_new\" rel=\"noopener\" data-start=\"2186\" data-end=\"2316\">https:\/\/support.mozilla.org\/en-US\/kb\/enable-and-disable-cookies<\/a><\/p>\n<\/li>\n<li data-start=\"2319\" data-end=\"2469\">\n<p data-start=\"2321\" data-end=\"2469\">Safari: <a class=\"decorated-link cursor-pointer\" target=\"_new\" rel=\"noopener\" data-start=\"2329\" data-end=\"2467\">https:\/\/support.apple.com\/guide\/safari\/manage-cookies-sfri11471\/mac<\/a><\/p>\n<\/li>\n<\/ul>\n<p data-start=\"2471\" data-end=\"2537\">Atkreipkite d\u0117mes\u012f: i\u0161jungus slapukus gali b\u016bti paveikta svetain\u0117s funkcionalumas.<\/p>\n<hr data-start=\"2539\" data-end=\"2542\">\n<h2 data-start=\"2544\" data-end=\"2572\">6. \u0160ios politikos atnaujinimai<\/h2>\n<p data-start=\"2573\" data-end=\"2696\">Mes galime periodi\u0161kai atnaujinti \u0161i\u0105 slapuk\u0173 politik\u0105. Bet kokie pakeitimai bus paskelbti \u0161iame puslapyje su atnaujinta \u012fsigaliojimo data. <\/p>\n<hr data-start=\"2698\" data-end=\"2701\">\n<h2 data-start=\"2703\" data-end=\"2719\">7. Susisiekite su mumis<\/h2>\n<p data-start=\"2720\" data-end=\"2792\">Jei turite klausim\u0173 apie m\u016bs\u0173 slapuk\u0173 naudojim\u0105, pra\u0161ome susisiekti su mumis:<\/p>\n<p data-start=\"2794\" data-end=\"2885\"><strong data-start=\"2794\" data-end=\"2805\">Numlica<\/strong><br data-start=\"2805\" data-end=\"2808\">El. pa\u0161tas: cfo@numlica.com<\/p>\t\t\t\t\t\t\t\t<\/div>\n\t\t\t\t<\/div>\n\t\t\t\t\t<\/div>\n\t\t\t\t<\/div>\n\t\t\t\t<\/div>\n\t\t","protected":false},"excerpt":{"rendered":"<p>1. Kas yra slapukai? Slapukai yra ma\u017ei tekstiniai failai, saugomi j\u016bs\u0173 \u012frenginyje, kai lankot\u0117s m\u016bs\u0173 svetain\u0117je. Jie padeda mums pagerinti [&hellip;]<\/p>\n","protected":false},"author":1,"featured_media":0,"parent":0,"menu_order":0,"comment_status":"closed","ping_status":"closed","template":"elementor_theme","meta":{"site-sidebar-layout":"no-sidebar","site-content-layout":"","ast-site-content-layout":"normal-width-container","site-content-style":"default","site-sidebar-style":"default","ast-global-header-display":"","ast-banner-title-visibility":"","ast-main-header-display":"","ast-hfb-above-header-display":"","ast-hfb-below-header-display":"","ast-hfb-mobile-header-display":"","site-post-title":"","ast-breadcrumbs-content":"","ast-featured-img":"disabled","footer-sml-layout":"","theme-transparent-header-meta":"default","adv-header-id-meta":"","stick-header-meta":"","header-above-stick-meta":"","header-main-stick-meta":"","header-below-stick-meta":"","astra-migrate-meta-layouts":"default","ast-page-background-enabled":"default","ast-page-background-meta":{"desktop":{"background-color":"var(--ast-global-color-4)","background-image":"","background-repeat":"repeat","background-position":"center center","background-size":"auto","background-attachment":"scroll","background-type":"","background-media":"","overlay-type":"","overlay-color":"","overlay-opacity":"","overlay-gradient":""},"tablet":{"background-color":"","background-image":"","background-repeat":"repeat","background-position":"center center","background-size":"auto","background-attachment":"scroll","background-type":"","background-media":"","overlay-type":"","overlay-color":"","overlay-opacity":"","overlay-gradient":""},"mobile":{"background-color":"","background-image":"","background-repeat":"repeat","background-position":"center center","background-size":"auto","background-attachment":"scroll","background-type":"","background-media":"","overlay-type":"","overlay-color":"","overlay-opacity":"","overlay-gradient":""}},"ast-content-background-meta":{"desktop":{"background-color":"var(--ast-global-color-5)","background-image":"","background-repeat":"repeat","background-position":"center center","background-size":"auto","background-attachment":"scroll","background-type":"","background-media":"","overlay-type":"","overlay-color":"","overlay-opacity":"","overlay-gradient":""},"tablet":{"background-color":"var(--ast-global-color-5)","background-image":"","background-repeat":"repeat","background-position":"center center","background-size":"auto","background-attachment":"scroll","background-type":"","background-media":"","overlay-type":"","overlay-color":"","overlay-opacity":"","overlay-gradient":""},"mobile":{"background-color":"var(--ast-global-color-5)","background-image":"","background-repeat":"repeat","background-position":"center center","background-size":"auto","background-attachment":"scroll","background-type":"","background-media":"","overlay-type":"","overlay-color":"","overlay-opacity":"","overlay-gradient":""}},"footnotes":""},"class_list":["post-1327","page","type-page","status-publish","hentry"],"_hostinger_reach_plugin_has_subscription_block":false,"_hostinger_reach_plugin_is_elementor":false,"_links":{"self":[{"href":"https:\/\/numlica.com\/lt\/wp-json\/wp\/v2\/pages\/1327","targetHints":{"allow":["GET"]}}],"collection":[{"href":"https:\/\/numlica.com\/lt\/wp-json\/wp\/v2\/pages"}],"about":[{"href":"https:\/\/numlica.com\/lt\/wp-json\/wp\/v2\/types\/page"}],"author":[{"embeddable":true,"href":"https:\/\/numlica.com\/lt\/wp-json\/wp\/v2\/users\/1"}],"replies":[{"embeddable":true,"href":"https:\/\/numlica.com\/lt\/wp-json\/wp\/v2\/comments?post=1327"}],"version-history":[{"count":10,"href":"https:\/\/numlica.com\/lt\/wp-json\/wp\/v2\/pages\/1327\/revisions"}],"predecessor-version":[{"id":1378,"href":"https:\/\/numlica.com\/lt\/wp-json\/wp\/v2\/pages\/1327\/revisions\/1378"}],"wp:attachment":[{"href":"https:\/\/numlica.com\/lt\/wp-json\/wp\/v2\/media?parent=1327"}],"curies":[{"name":"wp","href":"https:\/\/api.w.org\/{rel}","templated":true}]}}