{"id":1272,"date":"2025-06-20T12:40:53","date_gmt":"2025-06-20T12:40:53","guid":{"rendered":"https:\/\/numlica.com\/privatumo-politika\/"},"modified":"2025-08-28T14:46:14","modified_gmt":"2025-08-28T14:46:14","slug":"privatumo-politika","status":"publish","type":"page","link":"https:\/\/numlica.com\/lt\/privatumo-politika\/","title":{"rendered":"Privatumo politika"},"content":{"rendered":"\t\t<div data-elementor-type=\"wp-page\" data-elementor-id=\"1272\" class=\"elementor elementor-1272 elementor-3\">\n\t\t\t\t<div class=\"elementor-element elementor-element-229fa691 e-flex e-con-boxed e-con e-parent\" data-id=\"229fa691\" data-element_type=\"container\">\n\t\t\t\t\t<div class=\"e-con-inner\">\n\t\t\t\t<div class=\"elementor-element elementor-element-24aa772f elementor-widget elementor-widget-text-editor\" data-id=\"24aa772f\" data-element_type=\"widget\" data-widget_type=\"text-editor.default\">\n\t\t\t\t<div class=\"elementor-widget-container\">\n\t\t\t\t\t\t\t\t\t\n<h2 data-start=\"503\" data-end=\"521\">1. \u012evadas<\/h2>\n<p data-start=\"522\" data-end=\"807\">Numlica (\u201emes\u201c, \u201em\u016bs\u0173\u201c, \u201emus\u201c) gerbia j\u016bs\u0173 privatum\u0105 ir yra \u012fsipareigojusi saugoti j\u016bs\u0173 asmens duomenis. \u0160i privatumo politika paai\u0161kina, kaip mes renkame, naudojame ir saugome j\u016bs\u0173 informacij\u0105, kai lankot\u0117s m\u016bs\u0173 svetain\u0117je <a class=\"decorated-link\" href=\"https:\/\/numlica.com\/lt\/\" target=\"_new\" rel=\"noopener\" data-start=\"731\" data-end=\"773\">https:\/\/numlica.com<\/a>, susisiekiate su mumis arba naudojat\u0117s m\u016bs\u0173 paslaugomis. <\/p>\n<p data-start=\"809\" data-end=\"886\">Naudodamiesi m\u016bs\u0173 svetaine, j\u016bs sutinkate su \u0161ioje privatumo politikoje i\u0161d\u0117stytomis s\u0105lygomis.<\/p>\n<hr data-start=\"888\" data-end=\"891\">\n<h2 data-start=\"893\" data-end=\"921\">2. Informacija, kuri\u0105 renkame<\/h2>\n<p data-start=\"922\" data-end=\"984\">Mes galime rinkti ir tvarkyti \u0161iuos informacijos tipus:<\/p>\n<ul data-start=\"986\" data-end=\"1448\">\n<li data-start=\"986\" data-end=\"1181\">\n<p data-start=\"988\" data-end=\"1026\"><strong data-start=\"988\" data-end=\"1024\">Asmenin\u0117 informacija, kuri\u0105 pateikiate<\/strong><\/p>\n<ul data-start=\"1029\" data-end=\"1181\">\n<li data-start=\"1029\" data-end=\"1111\">\n<p data-start=\"1031\" data-end=\"1111\">Vardas, el. pa\u0161to adresas, telefono numeris (kai susisiekiate su mumis arba u\u017esisakote konsultacij\u0105)<\/p>\n<\/li>\n<li data-start=\"1114\" data-end=\"1181\">\n<p data-start=\"1116\" data-end=\"1181\">Apmok\u0117jimo ir atsiskaitymo duomenys (jei perkate kursus ar paslaugas)<\/p>\n<\/li>\n<\/ul>\n<\/li>\n<li data-start=\"1183\" data-end=\"1326\">\n<p data-start=\"1185\" data-end=\"1226\"><strong data-start=\"1185\" data-end=\"1224\">Automati\u0161kai surinkta informacija<\/strong><\/p>\n<ul data-start=\"1229\" data-end=\"1326\">\n<li data-start=\"1229\" data-end=\"1275\">\n<p data-start=\"1231\" data-end=\"1275\">IP adresas, nar\u0161ykl\u0117s tipas, operacin\u0117 sistema<\/p>\n<\/li>\n<li data-start=\"1278\" data-end=\"1326\">\n<p data-start=\"1280\" data-end=\"1326\">Svetain\u0117s naudojimo duomenys per slapukus ir analiz\u0119<\/p>\n<\/li>\n<\/ul>\n<\/li>\n<li data-start=\"1328\" data-end=\"1448\">\n<p data-start=\"1330\" data-end=\"1389\"><strong data-start=\"1330\" data-end=\"1387\">Kurs\u0173\/paskyros informacija <\/strong><\/p>\n<ul data-start=\"1392\" data-end=\"1448\">\n<li data-start=\"1392\" data-end=\"1448\">\n<p data-start=\"1394\" data-end=\"1448\">Prisijungimo duomenys, pa\u017eangos steb\u0117jimas ir kurs\u0173 registracijos<\/p>\n<\/li>\n<\/ul>\n<\/li>\n<\/ul>\n<hr data-start=\"1450\" data-end=\"1453\">\n<h2 data-start=\"1455\" data-end=\"1488\">3. Kaip naudojame j\u016bs\u0173 informacij\u0105<\/h2>\n<p data-start=\"1489\" data-end=\"1516\">Mes naudojame j\u016bs\u0173 informacij\u0105, kad:<\/p>\n<ul data-start=\"1518\" data-end=\"1742\">\n<li data-start=\"1518\" data-end=\"1554\">\n<p data-start=\"1520\" data-end=\"1554\">Teiktume ir tobulintume savo paslaugas<\/p>\n<\/li>\n<li data-start=\"1555\" data-end=\"1600\">\n<p data-start=\"1557\" data-end=\"1600\">Atsakytume \u012f u\u017eklausas ir tvarkytume u\u017esakymus<\/p>\n<\/li>\n<li data-start=\"1601\" data-end=\"1650\">\n<p data-start=\"1603\" data-end=\"1650\">Tvarkytume klient\u0173 paskyras ir apdorotume mok\u0117jimus<\/p>\n<\/li>\n<li data-start=\"1651\" data-end=\"1702\">\n<p data-start=\"1653\" data-end=\"1702\">Si\u0173stume svarbius paslaug\u0173 atnaujinimus ar teisines prane\u0161imus<\/p>\n<\/li>\n<li data-start=\"1703\" data-end=\"1742\">\n<p data-start=\"1705\" data-end=\"1742\">U\u017etikrintume svetain\u0117s saugum\u0105 ir atitikt\u012f<\/p>\n<\/li>\n<\/ul>\n<p data-start=\"1744\" data-end=\"1798\">Mes <strong data-start=\"1750\" data-end=\"1757\">ne<\/strong> parduodame ar nuomojame j\u016bs\u0173 duomen\u0173 tre\u010diosioms \u0161alims.<\/p>\n<hr data-start=\"1800\" data-end=\"1803\">\n<h2 data-start=\"1805\" data-end=\"1844\">4. Teisinis tvarkymo pagrindas (BDAR)<\/h2>\n<p data-start=\"1845\" data-end=\"1955\">Jei esate Europos ekonomin\u0117je erdv\u0117je (EEE), mes tvarkome j\u016bs\u0173 asmens duomenis remdamiesi \u0161iais teisiniais pagrindais:<\/p>\n<ul data-start=\"1957\" data-end=\"2237\">\n<li data-start=\"1957\" data-end=\"2005\">\n<p data-start=\"1959\" data-end=\"2005\">J\u016bs\u0173 <strong data-start=\"1964\" data-end=\"1975\">sutikimas<\/strong> (pvz., naujienlai\u0161ki\u0173 prenumeratos)<\/p>\n<\/li>\n<li data-start=\"2006\" data-end=\"2075\">\n<p data-start=\"2008\" data-end=\"2075\">Sutarties <strong data-start=\"2021\" data-end=\"2033\">vykdymui<\/strong> (pvz., kurs\u0173 pirkimas ar konsultacija)<\/p>\n<\/li>\n<li data-start=\"2076\" data-end=\"2144\">\n<p data-start=\"2078\" data-end=\"2144\">Teisini\u0173 <strong data-start=\"2093\" data-end=\"2114\">\u012fsipareigojim\u0173<\/strong> vykdymui (pvz., mokes\u010di\u0173\/apskaitos \u012fstatymai)<\/p>\n<\/li>\n<li data-start=\"2145\" data-end=\"2237\">\n<p data-start=\"2147\" data-end=\"2237\">M\u016bs\u0173 <strong data-start=\"2155\" data-end=\"2179\">teis\u0117tiems interesams<\/strong> (pvz., paslaug\u0173 tobulinimas, rinkodara, suk\u010diavimo prevencija)<\/p>\n<\/li>\n<\/ul>\n<hr data-start=\"2239\" data-end=\"2242\">\n<h2 data-start=\"2244\" data-end=\"2270\">5. Slapukai ir sekimas<\/h2>\n<p data-start=\"2271\" data-end=\"2289\">Mes naudojame slapukus, kad:<\/p>\n<ul data-start=\"2291\" data-end=\"2398\">\n<li data-start=\"2291\" data-end=\"2319\">\n<p data-start=\"2293\" data-end=\"2319\">Pagerintume svetain\u0117s veikim\u0105<\/p>\n<\/li>\n<li data-start=\"2320\" data-end=\"2349\">\n<p data-start=\"2322\" data-end=\"2349\">Prisimintume naudotoj\u0173 nuostatas<\/p>\n<\/li>\n<li data-start=\"2350\" data-end=\"2398\">\n<p data-start=\"2352\" data-end=\"2398\">Analizuotume svetain\u0117s sraut\u0105 per Google Analytics<\/p>\n<\/li>\n<\/ul>\n<p data-start=\"2400\" data-end=\"2488\">Galite valdyti slapukus savo nar\u0161ykl\u0117s nustatymuose. Daugiau informacijos rasite m\u016bs\u0173 <strong>slapuk\u0173 politikoje<\/strong>. <\/p>\n<hr data-start=\"2490\" data-end=\"2493\">\n<h2 data-start=\"2495\" data-end=\"2515\">6. Duomen\u0173 saugojimas<\/h2>\n<p data-start=\"2516\" data-end=\"2678\">Mes saugome j\u016bs\u0173 asmens duomenis tik tiek, kiek b\u016btina \u0161ioje privatumo politikoje nurodytiems tikslams \u012fgyvendinti arba kaip reikalaujama pagal \u012fstatymus (pvz., apskaitos \u012fsipareigojimai).<\/p>\n<hr data-start=\"2680\" data-end=\"2683\">\n<h2 data-start=\"2685\" data-end=\"2703\">7. Duomen\u0173 dalijimasis<\/h2>\n<p data-start=\"2704\" data-end=\"2727\">Mes galime dalytis duomenimis su:<\/p>\n<ul data-start=\"2729\" data-end=\"2842\">\n<li data-start=\"2729\" data-end=\"2795\">\n<p data-start=\"2731\" data-end=\"2795\"><strong data-start=\"2731\" data-end=\"2752\">Paslaug\u0173 teik\u0117jais<\/strong> (prieglobos, mok\u0117jim\u0173 apdorojimo, analiz\u0117s)<\/p>\n<\/li>\n<li data-start=\"2796\" data-end=\"2842\">\n<p data-start=\"2798\" data-end=\"2842\"><strong data-start=\"2798\" data-end=\"2819\">Teisin\u0117mis institucijomis<\/strong>, kai to reikalauja \u012fstatymai<\/p>\n<\/li>\n<\/ul>\n<p data-start=\"2844\" data-end=\"2899\">Mes u\u017etikriname, kad visos tre\u010diosios \u0161alys laikyt\u0173si BDAR standart\u0173.<\/p>\n<hr data-start=\"2901\" data-end=\"2904\">\n<h2 data-start=\"2906\" data-end=\"2945\">8. J\u016bs\u0173 teis\u0117s (BDAR ir ES gyventojai)<\/h2>\n<p data-start=\"2946\" data-end=\"2968\">J\u016bs turite teis\u0119:<\/p>\n<ul data-start=\"2970\" data-end=\"3143\">\n<li data-start=\"2970\" data-end=\"3009\">\n<p data-start=\"2972\" data-end=\"3009\">Gauti savo asmens duomen\u0173 kopij\u0105<\/p>\n<\/li>\n<li data-start=\"3010\" data-end=\"3044\">\n<p data-start=\"3012\" data-end=\"3044\">Pra\u0161yti pataisyti ar i\u0161trinti<\/p>\n<\/li>\n<li data-start=\"3045\" data-end=\"3081\">\n<p data-start=\"3047\" data-end=\"3081\">Apriboti ar prie\u0161tarauti tvarkymui<\/p>\n<\/li>\n<li data-start=\"3082\" data-end=\"3114\">\n<p data-start=\"3084\" data-end=\"3114\">Bet kada at\u0161aukti sutikim\u0105<\/p>\n<\/li>\n<li data-start=\"3115\" data-end=\"3143\">\n<p data-start=\"3117\" data-end=\"3143\">Pra\u0161yti duomen\u0173 perkeliamumo<\/p>\n<\/li>\n<\/ul>\n<p data-start=\"3145\" data-end=\"3216\">Nor\u0117dami pasinaudoti savo teis\u0117mis, susisiekite su mumis: <strong data-start=\"3185\" data-end=\"3216\">cfo@numlica.com<\/strong><\/p>\n<hr data-start=\"3218\" data-end=\"3221\">\n<h2 data-start=\"3223\" data-end=\"3242\">9. Duomen\u0173 saugumas<\/h2>\n<p data-start=\"3243\" data-end=\"3355\">Mes imam\u0117s tinkam\u0173 priemoni\u0173 j\u016bs\u0173 duomenims apsaugoti, \u012fskaitant SSL \u0161ifravim\u0105, ugniasienes ir prieigos apribojimus.<\/p>\n<hr data-start=\"3357\" data-end=\"3360\">\n<h2 data-start=\"3362\" data-end=\"3392\">10. Tarptautiniai perdavimai<\/h2>\n<p data-start=\"3393\" data-end=\"3504\">Jei perduodame duomenis u\u017e EEE rib\u0173, u\u017etikriname, kad b\u016bt\u0173 taikomos apsaugos priemon\u0117s (pvz., ES standartin\u0117s sutarties s\u0105lygos).<\/p>\n<hr data-start=\"3506\" data-end=\"3509\">\n<h2 data-start=\"3511\" data-end=\"3535\">11. Tre\u010di\u0173j\u0173 \u0161ali\u0173 nuorodos<\/h2>\n<p data-start=\"3536\" data-end=\"3655\">M\u016bs\u0173 svetain\u0117je gali b\u016bti nuorod\u0173 \u012f tre\u010di\u0173j\u0173 \u0161ali\u0173 svetaines. Mes neatsakome u\u017e t\u0173 svetaini\u0173 privatumo praktik\u0105. <\/p>\n<hr data-start=\"3657\" data-end=\"3660\">\n<h2 data-start=\"3662\" data-end=\"3687\">12. Vaik\u0173 privatumas<\/h2>\n<p data-start=\"3688\" data-end=\"3801\">M\u016bs\u0173 paslaugos n\u0117ra skirtos vaikams iki 16 met\u0173. Mes s\u0105moningai nerenkame asmenin\u0117s informacijos i\u0161 nepilname\u010di\u0173. <\/p>\n<hr data-start=\"3803\" data-end=\"3806\">\n<h2 data-start=\"3808\" data-end=\"3825\">13. Susisiekite su mumis<\/h2>\n<p data-start=\"3826\" data-end=\"3923\">Jei turite klausim\u0173 apie \u0161i\u0105 privatumo politik\u0105 ar kaip mes tvarkome j\u016bs\u0173 duomenis, pra\u0161ome susisiekti su mumis:<\/p>\n<p data-start=\"3925\" data-end=\"4016\"><strong data-start=\"3925\" data-end=\"3936\">Numlica<\/strong><br data-start=\"3936\" data-end=\"3939\">El. pa\u0161tas: cfo@numlica.com<\/p>\t\t\t\t\t\t\t\t<\/div>\n\t\t\t\t<\/div>\n\t\t\t\t\t<\/div>\n\t\t\t\t<\/div>\n\t\t\t\t<\/div>\n\t\t","protected":false},"excerpt":{"rendered":"<p>1. \u012evadas Numlica (\u201emes\u201c, \u201em\u016bs\u0173\u201c, \u201emus\u201c) gerbia j\u016bs\u0173 privatum\u0105 ir yra \u012fsipareigojusi saugoti j\u016bs\u0173 asmens duomenis. \u0160i privatumo politika paai\u0161kina, [&hellip;]<\/p>\n","protected":false},"author":1,"featured_media":0,"parent":0,"menu_order":0,"comment_status":"closed","ping_status":"open","template":"elementor_theme","meta":{"site-sidebar-layout":"default","site-content-layout":"","ast-site-content-layout":"default","site-content-style":"default","site-sidebar-style":"default","ast-global-header-display":"","ast-banner-title-visibility":"","ast-main-header-display":"","ast-hfb-above-header-display":"","ast-hfb-below-header-display":"","ast-hfb-mobile-header-display":"","site-post-title":"","ast-breadcrumbs-content":"","ast-featured-img":"","footer-sml-layout":"","theme-transparent-header-meta":"default","adv-header-id-meta":"","stick-header-meta":"","header-above-stick-meta":"","header-main-stick-meta":"","header-below-stick-meta":"","astra-migrate-meta-layouts":"default","ast-page-background-enabled":"default","ast-page-background-meta":{"desktop":{"background-color":"var(--ast-global-color-4)","background-image":"","background-repeat":"repeat","background-position":"center center","background-size":"auto","background-attachment":"scroll","background-type":"","background-media":"","overlay-type":"","overlay-color":"","overlay-opacity":"","overlay-gradient":""},"tablet":{"background-color":"","background-image":"","background-repeat":"repeat","background-position":"center center","background-size":"auto","background-attachment":"scroll","background-type":"","background-media":"","overlay-type":"","overlay-color":"","overlay-opacity":"","overlay-gradient":""},"mobile":{"background-color":"","background-image":"","background-repeat":"repeat","background-position":"center center","background-size":"auto","background-attachment":"scroll","background-type":"","background-media":"","overlay-type":"","overlay-color":"","overlay-opacity":"","overlay-gradient":""}},"ast-content-background-meta":{"desktop":{"background-color":"var(--ast-global-color-5)","background-image":"","background-repeat":"repeat","background-position":"center center","background-size":"auto","background-attachment":"scroll","background-type":"","background-media":"","overlay-type":"","overlay-color":"","overlay-opacity":"","overlay-gradient":""},"tablet":{"background-color":"var(--ast-global-color-5)","background-image":"","background-repeat":"repeat","background-position":"center center","background-size":"auto","background-attachment":"scroll","background-type":"","background-media":"","overlay-type":"","overlay-color":"","overlay-opacity":"","overlay-gradient":""},"mobile":{"background-color":"var(--ast-global-color-5)","background-image":"","background-repeat":"repeat","background-position":"center center","background-size":"auto","background-attachment":"scroll","background-type":"","background-media":"","overlay-type":"","overlay-color":"","overlay-opacity":"","overlay-gradient":""}},"footnotes":""},"class_list":["post-1272","page","type-page","status-publish","hentry"],"_hostinger_reach_plugin_has_subscription_block":false,"_hostinger_reach_plugin_is_elementor":false,"_links":{"self":[{"href":"https:\/\/numlica.com\/lt\/wp-json\/wp\/v2\/pages\/1272","targetHints":{"allow":["GET"]}}],"collection":[{"href":"https:\/\/numlica.com\/lt\/wp-json\/wp\/v2\/pages"}],"about":[{"href":"https:\/\/numlica.com\/lt\/wp-json\/wp\/v2\/types\/page"}],"author":[{"embeddable":true,"href":"https:\/\/numlica.com\/lt\/wp-json\/wp\/v2\/users\/1"}],"replies":[{"embeddable":true,"href":"https:\/\/numlica.com\/lt\/wp-json\/wp\/v2\/comments?post=1272"}],"version-history":[{"count":4,"href":"https:\/\/numlica.com\/lt\/wp-json\/wp\/v2\/pages\/1272\/revisions"}],"predecessor-version":[{"id":1278,"href":"https:\/\/numlica.com\/lt\/wp-json\/wp\/v2\/pages\/1272\/revisions\/1278"}],"wp:attachment":[{"href":"https:\/\/numlica.com\/lt\/wp-json\/wp\/v2\/media?parent=1272"}],"curies":[{"name":"wp","href":"https:\/\/api.w.org\/{rel}","templated":true}]}}