{"id":1236,"date":"2025-06-20T17:23:01","date_gmt":"2025-06-20T17:23:01","guid":{"rendered":"https:\/\/numlica.com\/apie\/"},"modified":"2025-09-17T10:26:23","modified_gmt":"2025-09-17T10:26:23","slug":"apie","status":"publish","type":"page","link":"https:\/\/numlica.com\/lt\/apie\/","title":{"rendered":"Apie"},"content":{"rendered":"\t\t<div data-elementor-type=\"wp-page\" data-elementor-id=\"1236\" class=\"elementor elementor-1236 elementor-1010\">\n\t\t\t\t<div class=\"elementor-element elementor-element-7b41f3c e-flex e-con-boxed e-con e-parent\" data-id=\"7b41f3c\" data-element_type=\"container\" data-settings=\"{&quot;background_background&quot;:&quot;classic&quot;}\">\n\t\t\t\t\t<div class=\"e-con-inner\">\n\t\t\t\t<div class=\"elementor-element elementor-element-9bd5b2c elementor-widget elementor-widget-heading\" data-id=\"9bd5b2c\" data-element_type=\"widget\" data-widget_type=\"heading.default\">\n\t\t\t\t<div class=\"elementor-widget-container\">\n\t\t\t\t\t<h1 class=\"elementor-heading-title elementor-size-default\">Apie mus<\/h1>\t\t\t\t<\/div>\n\t\t\t\t<\/div>\n\t\t\t\t<div class=\"elementor-element elementor-element-db61f71 elementor-widget-divider--view-line elementor-widget elementor-widget-divider\" data-id=\"db61f71\" data-element_type=\"widget\" data-widget_type=\"divider.default\">\n\t\t\t\t<div class=\"elementor-widget-container\">\n\t\t\t\t\t\t\t<div class=\"elementor-divider\">\n\t\t\t<span class=\"elementor-divider-separator\">\n\t\t\t\t\t\t<\/span>\n\t\t<\/div>\n\t\t\t\t\t\t<\/div>\n\t\t\t\t<\/div>\n\t\t\t\t\t<\/div>\n\t\t\t\t<\/div>\n\t\t<div class=\"elementor-element elementor-element-b301410 e-flex e-con-boxed e-con e-parent\" data-id=\"b301410\" data-element_type=\"container\">\n\t\t\t\t\t<div class=\"e-con-inner\">\n\t\t<div class=\"elementor-element elementor-element-a5b7de4 e-con-full e-flex e-con e-child\" data-id=\"a5b7de4\" data-element_type=\"container\">\n\t\t\t\t<div class=\"elementor-element elementor-element-eae765f elementor-widget elementor-widget-heading\" data-id=\"eae765f\" data-element_type=\"widget\" data-widget_type=\"heading.default\">\n\t\t\t\t<div class=\"elementor-widget-container\">\n\t\t\t\t\t<h6 class=\"elementor-heading-title elementor-size-default\">M\u016bs\u0173 istorija<\/h6>\t\t\t\t<\/div>\n\t\t\t\t<\/div>\n\t\t\t\t<div class=\"elementor-element elementor-element-f75b157 elementor-widget elementor-widget-heading\" data-id=\"f75b157\" data-element_type=\"widget\" data-widget_type=\"heading.default\">\n\t\t\t\t<div class=\"elementor-widget-container\">\n\t\t\t\t\t<h3 class=\"elementor-heading-title elementor-size-default\">\u012ek\u016br\u0117me <b>NUMLICA<\/b> su vienu tikslu \u2013 padaryti finansus ai\u0161kius ir suprantamus.<\/h3>\t\t\t\t<\/div>\n\t\t\t\t<\/div>\n\t\t\t\t<\/div>\n\t\t<div class=\"elementor-element elementor-element-cab94d1 e-con-full e-flex e-con e-child\" data-id=\"cab94d1\" data-element_type=\"container\">\n\t\t\t\t<div class=\"elementor-element elementor-element-9a5df4f elementor-widget elementor-widget-heading\" data-id=\"9a5df4f\" data-element_type=\"widget\" data-widget_type=\"heading.default\">\n\t\t\t\t<div class=\"elementor-widget-container\">\n\t\t\t\t\t<h5 class=\"elementor-heading-title elementor-size-default\">Pavadinimas NUMLICA kil\u0119s i\u0161 \u017eod\u017ei\u0173 skai\u010diai + logika. B\u016btent tai ir si\u016blome \u2013 ai\u0161k\u0173, racional\u0173 finansin\u012f m\u0105stym\u0105, kuris padeda j\u016bs\u0173 verslui augti be perteklinio \u017eargono, sud\u0117ting\u0173 lenteli\u0173 ir nereikalingo streso.<br><br>Mes \u017einome, kad dauguma verslo savinink\u0173 savo versl\u0105 prad\u0117jo ne tam, kad tapt\u0173 finans\u0173 analitikais. Ta\u010diau suprasti savo skai\u010dius \u2013 tai yra raktas \u012f teisingus sprendimus. Ir \u010dia \u012f pagalb\u0105 ateiname mes.  <\/h5>\t\t\t\t<\/div>\n\t\t\t\t<\/div>\n\t\t\t\t<div class=\"elementor-element elementor-element-a22792b elementor-widget-divider--view-line elementor-widget elementor-widget-divider\" data-id=\"a22792b\" data-element_type=\"widget\" data-widget_type=\"divider.default\">\n\t\t\t\t<div class=\"elementor-widget-container\">\n\t\t\t\t\t\t\t<div class=\"elementor-divider\">\n\t\t\t<span class=\"elementor-divider-separator\">\n\t\t\t\t\t\t<\/span>\n\t\t<\/div>\n\t\t\t\t\t\t<\/div>\n\t\t\t\t<\/div>\n\t\t\t\t<div class=\"elementor-element elementor-element-128feee elementor-widget elementor-widget-text-editor\" data-id=\"128feee\" data-element_type=\"widget\" data-widget_type=\"text-editor.default\">\n\t\t\t\t<div class=\"elementor-widget-container\">\n\t\t\t\t\t\t\t\t\t<p data-start=\"778\" data-end=\"950\">Visk\u0105 paai\u0161kiname paprastai ir logi\u0161kai. Mes paai\u0161kiname, kod\u0117l skai\u010diai yra b\u016btent tokie, ir dirbame kartu su jumis, kad jaustum\u0117t\u0117s u\u017etikrintai d\u0117l savo verslo ateities.  <\/p><p data-start=\"952\" data-end=\"1200\">M\u016bs\u0173 vardas gali b\u016bti naujas, ta\u010diau srityje tikrai nesame naujokai. M\u016bs\u0173 komanda jau pad\u0117jo \u012fvairaus dyd\u017eio verslams suprasti j\u0173 finansus, planuoti i\u0161mintingiau ir augti stipriau. Esame \u010dia tam, kad b\u016btume j\u016bs\u0173 patikimas finansinis partneris u\u017ekulisiuose \u2013 kad j\u016bs gal\u0117tum\u0117te susitelkti \u012f tai, k\u0105 darote geriausiai.  <\/p>\t\t\t\t\t\t\t\t<\/div>\n\t\t\t\t<\/div>\n\t\t\t\t<\/div>\n\t\t<div class=\"elementor-element elementor-element-2ae8931 e-con-full e-flex e-con e-child\" data-id=\"2ae8931\" data-element_type=\"container\">\n\t\t\t\t<div class=\"elementor-element elementor-element-f91e457 elementor-widget elementor-widget-heading\" data-id=\"f91e457\" data-element_type=\"widget\" data-widget_type=\"heading.default\">\n\t\t\t\t<div class=\"elementor-widget-container\">\n\t\t\t\t\t<h2 class=\"elementor-heading-title elementor-size-default\">Suprasti savo skai\u010dius yra raktas \u012f teisingus sprendimus.<\/h2>\t\t\t\t<\/div>\n\t\t\t\t<\/div>\n\t\t\t\t<\/div>\n\t\t\t\t\t<\/div>\n\t\t\t\t<\/div>\n\t\t<div class=\"elementor-element elementor-element-6d7f257 e-flex e-con-boxed e-con e-parent\" data-id=\"6d7f257\" data-element_type=\"container\" data-settings=\"{&quot;background_background&quot;:&quot;classic&quot;}\">\n\t\t\t\t\t<div class=\"e-con-inner\">\n\t\t<div class=\"elementor-element elementor-element-32bb60e e-con-full e-flex e-con e-child\" data-id=\"32bb60e\" data-element_type=\"container\">\n\t\t\t\t<div class=\"elementor-element elementor-element-10efa9c elementor-widget elementor-widget-heading\" data-id=\"10efa9c\" data-element_type=\"widget\" data-widget_type=\"heading.default\">\n\t\t\t\t<div class=\"elementor-widget-container\">\n\t\t\t\t\t<h2 class=\"elementor-heading-title elementor-size-default\">Misija ir vizija<\/h2>\t\t\t\t<\/div>\n\t\t\t\t<\/div>\n\t\t\t\t<div class=\"elementor-element elementor-element-d080af6 elementor-widget-divider--view-line elementor-widget elementor-widget-divider\" data-id=\"d080af6\" data-element_type=\"widget\" data-widget_type=\"divider.default\">\n\t\t\t\t<div class=\"elementor-widget-container\">\n\t\t\t\t\t\t\t<div class=\"elementor-divider\">\n\t\t\t<span class=\"elementor-divider-separator\">\n\t\t\t\t\t\t<\/span>\n\t\t<\/div>\n\t\t\t\t\t\t<\/div>\n\t\t\t\t<\/div>\n\t\t\t\t<div class=\"elementor-element elementor-element-afcec15 elementor-widget elementor-widget-icon-box\" data-id=\"afcec15\" data-element_type=\"widget\" data-widget_type=\"icon-box.default\">\n\t\t\t\t<div class=\"elementor-widget-container\">\n\t\t\t\t\t\t\t<div class=\"elementor-icon-box-wrapper\">\n\n\t\t\t\n\t\t\t\t\t\t<div class=\"elementor-icon-box-content\">\n\n\t\t\t\t\t\t\t\t\t<h4 class=\"elementor-icon-box-title\">\n\t\t\t\t\t\t<span  >\n\t\t\t\t\t\t\tMisija\t\t\t\t\t\t<\/span>\n\t\t\t\t\t<\/h4>\n\t\t\t\t\n\t\t\t\t\t\t\t\t\t<p class=\"elementor-icon-box-description\">\n\t\t\t\t\t\tPadaryti finansin\u012f ai\u0161kum\u0105 prieinam\u0105 kiekvienam verslo savininkui \u2013 sud\u0117tingus skai\u010dius paver\u010diant paprastais ir i\u0161maniais sprendimais, kurie padeda augti.\t\t\t\t\t<\/p>\n\t\t\t\t\n\t\t\t<\/div>\n\t\t\t\n\t\t<\/div>\n\t\t\t\t\t\t<\/div>\n\t\t\t\t<\/div>\n\t\t\t\t<div class=\"elementor-element elementor-element-7039227 elementor-widget elementor-widget-icon-box\" data-id=\"7039227\" data-element_type=\"widget\" data-widget_type=\"icon-box.default\">\n\t\t\t\t<div class=\"elementor-widget-container\">\n\t\t\t\t\t\t\t<div class=\"elementor-icon-box-wrapper\">\n\n\t\t\t\n\t\t\t\t\t\t<div class=\"elementor-icon-box-content\">\n\n\t\t\t\t\t\t\t\t\t<h4 class=\"elementor-icon-box-title\">\n\t\t\t\t\t\t<span  >\n\t\t\t\t\t\t\tVizija\t\t\t\t\t\t<\/span>\n\t\t\t\t\t<\/h4>\n\t\t\t\t\n\t\t\t\t\t\t\t\t\t<p class=\"elementor-icon-box-description\">\n\t\t\t\t\t\tPasaulis, kuriame ma\u017eos ir augan\u010dios \u012fmon\u0117s jau\u010diasi taip pat u\u017etikrintai d\u0117l savo finans\u0173 kaip didel\u0117s korporacijos \u2013 tur\u0117damos patikim\u0105 partner\u012f \u0161alia.\t\t\t\t\t<\/p>\n\t\t\t\t\n\t\t\t<\/div>\n\t\t\t\n\t\t<\/div>\n\t\t\t\t\t\t<\/div>\n\t\t\t\t<\/div>\n\t\t\t\t<\/div>\n\t\t\t\t\t<\/div>\n\t\t\t\t<\/div>\n\t\t<div class=\"elementor-element elementor-element-281349f e-flex e-con-boxed e-con e-parent\" data-id=\"281349f\" data-element_type=\"container\">\n\t\t\t\t\t<div class=\"e-con-inner\">\n\t\t<div class=\"elementor-element elementor-element-495732b e-con-full e-flex e-con e-child\" data-id=\"495732b\" data-element_type=\"container\">\n\t\t\t\t<div class=\"elementor-element elementor-element-248970e elementor-widget elementor-widget-heading\" data-id=\"248970e\" data-element_type=\"widget\" data-widget_type=\"heading.default\">\n\t\t\t\t<div class=\"elementor-widget-container\">\n\t\t\t\t\t<h2 class=\"elementor-heading-title elementor-size-default\">Kod\u0117l <b>NUMLICA<\/b>?<\/h2>\t\t\t\t<\/div>\n\t\t\t\t<\/div>\n\t\t\t\t<\/div>\n\t\t<div class=\"elementor-element elementor-element-3cc47a0 e-con-full e-flex e-con e-child\" data-id=\"3cc47a0\" data-element_type=\"container\" data-settings=\"{&quot;background_background&quot;:&quot;classic&quot;}\">\n\t\t\t\t<div class=\"elementor-element elementor-element-addaddb elementor-widget elementor-widget-text-editor\" data-id=\"addaddb\" data-element_type=\"widget\" data-widget_type=\"text-editor.default\">\n\t\t\t\t<div class=\"elementor-widget-container\">\n\t\t\t\t\t\t\t\t\t<ul><li data-start=\"1541\" data-end=\"1644\"><p data-start=\"1543\" data-end=\"1644\"><strong data-start=\"1543\" data-end=\"1580\">Kalbame paprasta kalba, ne tik finans\u0173.<\/strong> Su mumis nepasiklysite sud\u0117tinguose terminuose ar diagramose \u2013 tik ai\u0161k\u016bs ir prakti\u0161ki sprendimai.<\/p><\/li><li data-start=\"1645\" data-end=\"1730\"><p data-start=\"1647\" data-end=\"1730\"><strong data-start=\"1647\" data-end=\"1690\">Dirbame <em data-start=\"1657\" data-end=\"1663\">kartu<\/em> su jumis, o ne tik <em data-start=\"1678\" data-end=\"1683\">u\u017e<\/em> jus. <\/strong>Laikykite mus savo finansiniu bendra\u017eygiu \u2013 esame \u0161alia, kad nukreiptume ir palaikytume.<\/p><\/li><li data-start=\"1731\" data-end=\"1841\"><p data-start=\"1733\" data-end=\"1841\"><strong data-start=\"1733\" data-end=\"1775\">Mes supaprastiname, o ne apsunkiname.<\/strong> Sausus duomenis paver\u010diame ai\u0161kia kryptimi, kad gal\u0117tum\u0117te jud\u0117ti \u012f priek\u012f u\u017etikrintai.<\/p><\/li><li data-start=\"1844\" data-end=\"1940\"><strong data-start=\"1844\" data-end=\"1879\">Mums r\u016bpi j\u016bs\u0173 s\u0117km\u0117.<\/strong> M\u016bs\u0173 \u0161\u016bkis kalba pats u\u017e save: \u201e<em data-start=\"1904\" data-end=\"1940\">Skai\u010diuojame j\u016bs\u0173 s\u0117km\u0119 kartu.\u201c<\/em><\/li><\/ul>\t\t\t\t\t\t\t\t<\/div>\n\t\t\t\t<\/div>\n\t\t\t\t<\/div>\n\t\t\t\t\t<\/div>\n\t\t\t\t<\/div>\n\t\t<div class=\"elementor-element elementor-element-4c00c43 e-flex e-con-boxed e-con e-parent\" data-id=\"4c00c43\" data-element_type=\"container\" data-settings=\"{&quot;background_background&quot;:&quot;classic&quot;}\">\n\t\t\t\t\t<div class=\"e-con-inner\">\n\t\t<div class=\"elementor-element elementor-element-36b516f e-con-full e-flex e-con e-child\" data-id=\"36b516f\" data-element_type=\"container\">\n\t\t\t\t<div class=\"elementor-element elementor-element-594f167 elementor-widget-divider--view-line elementor-widget elementor-widget-divider\" data-id=\"594f167\" data-element_type=\"widget\" data-widget_type=\"divider.default\">\n\t\t\t\t<div class=\"elementor-widget-container\">\n\t\t\t\t\t\t\t<div class=\"elementor-divider\">\n\t\t\t<span class=\"elementor-divider-separator\">\n\t\t\t\t\t\t<\/span>\n\t\t<\/div>\n\t\t\t\t\t\t<\/div>\n\t\t\t\t<\/div>\n\t\t\t\t<div class=\"elementor-element elementor-element-710c603 elementor-widget elementor-widget-heading\" data-id=\"710c603\" data-element_type=\"widget\" data-widget_type=\"heading.default\">\n\t\t\t\t<div class=\"elementor-widget-container\">\n\t\t\t\t\t<h2 class=\"elementor-heading-title elementor-size-default\">Prad\u0117kite kelion\u0119 \u012f finansin\u0119 gerov\u0119!<\/h2>\t\t\t\t<\/div>\n\t\t\t\t<\/div>\n\t\t\t\t<div class=\"elementor-element elementor-element-e644f57 elementor-widget elementor-widget-heading\" data-id=\"e644f57\" data-element_type=\"widget\" data-widget_type=\"heading.default\">\n\t\t\t\t<div class=\"elementor-widget-container\">\n\t\t\t\t\t<h5 class=\"elementor-heading-title elementor-size-default\">Susisiekite su mumis \u0161iandien d\u0117l asmenin\u0117s konsultacijos!<\/h5>\t\t\t\t<\/div>\n\t\t\t\t<\/div>\n\t\t\t\t<\/div>\n\t\t<div class=\"elementor-element elementor-element-dd6a0fe e-con-full e-flex e-con e-child\" data-id=\"dd6a0fe\" data-element_type=\"container\" data-settings=\"{&quot;background_background&quot;:&quot;classic&quot;}\">\n\t\t\t\t<div class=\"elementor-element elementor-element-a52f761 elementor-widget elementor-widget-wpforms\" data-id=\"a52f761\" data-element_type=\"widget\" data-widget_type=\"wpforms.default\">\n\t\t\t\t<div class=\"elementor-widget-container\">\n\t\t\t\t\t<div class=\"wpforms-container wpforms-render-modern\" id=\"wpforms-40\"><form id=\"wpforms-form-40\" class=\"wpforms-validate wpforms-form wpforms-ajax-form\" data-formid=\"40\" method=\"post\" enctype=\"multipart\/form-data\" action=\"\/lt\/wp-json\/wp\/v2\/pages\/1236\" data-token=\"179f548cbd2d89b1074001e95c8b8547\" data-token-time=\"1776239269\"><noscript class=\"wpforms-error-noscript\">Pra\u0161ome \u012fjungti JavaScript savo nar\u0161ykl\u0117je, kad u\u017ebaigtum\u0117te \u0161i\u0105 form\u0105.<\/noscript><div id=\"wpforms-error-noscript\" style=\"display: none;\">Pra\u0161ome \u012fjungti JavaScript savo nar\u0161ykl\u0117je, kad u\u017ebaigtum\u0117te \u0161i\u0105 form\u0105.<\/div><div class=\"wpforms-field-container\"><div id=\"wpforms-40-field_3-container\" class=\"wpforms-field wpforms-field-text\" data-field-id=\"3\"><label class=\"wpforms-field-label wpforms-label-hide\" for=\"wpforms-40-field_3\" aria-hidden=\"false\">Vardas ir pavard\u0117 <span class=\"wpforms-required-label\" aria-hidden=\"true\">*<\/span><\/label><input type=\"text\" id=\"wpforms-40-field_3\" class=\"wpforms-field-large wpforms-field-required\" name=\"wpforms[fields][3]\" placeholder=\"Vardas ir pavard\u0117\" aria-errormessage=\"wpforms-40-field_3-error\" required><\/div><div id=\"wpforms-40-field_4-container\" class=\"wpforms-field wpforms-field-number\" data-field-id=\"4\"><label class=\"wpforms-field-label wpforms-label-hide\" for=\"wpforms-40-field_4\" aria-hidden=\"false\">Telefono numeris <span class=\"wpforms-required-label\" aria-hidden=\"true\">*<\/span><\/label><input type=\"number\" id=\"wpforms-40-field_4\" class=\"wpforms-field-large wpforms-field-required\" name=\"wpforms[fields][4]\" placeholder=\"Telefono numeris\" step=\"any\" aria-errormessage=\"wpforms-40-field_4-error\" required><\/div><div id=\"wpforms-40-field_1-container\" class=\"wpforms-field wpforms-field-email\" data-field-id=\"1\"><label class=\"wpforms-field-label wpforms-label-hide\" for=\"wpforms-40-field_1\" aria-hidden=\"false\">El. pa\u0161tas <span class=\"wpforms-required-label\" aria-hidden=\"true\">*<\/span><\/label><input type=\"email\" id=\"wpforms-40-field_1\" class=\"wpforms-field-large wpforms-field-required\" name=\"wpforms[fields][1]\" placeholder=\"El. pa\u0161tas\" spellcheck=\"false\" aria-errormessage=\"wpforms-40-field_1-error\" required><\/div><div id=\"wpforms-40-field_2-container\" class=\"wpforms-field wpforms-field-textarea\" data-field-id=\"2\"><label class=\"wpforms-field-label wpforms-label-hide\" for=\"wpforms-40-field_2\" aria-hidden=\"false\">\u017dinut\u0117<\/label><textarea id=\"wpforms-40-field_2\" class=\"wpforms-field-medium\" name=\"wpforms[fields][2]\" placeholder=\"\u017dinut\u0117\" aria-errormessage=\"wpforms-40-field_2-error\" ><\/textarea><\/div><\/div><!-- .wpforms-field-container --><div class=\"wpforms-submit-container\" ><input type=\"hidden\" name=\"wpforms[id]\" value=\"40\"><input type=\"hidden\" name=\"page_title\" value=\"\"><input type=\"hidden\" name=\"page_url\" value=\"https:\/\/numlica.com\/lt\/wp-json\/wp\/v2\/pages\/1236\"><input type=\"hidden\" name=\"url_referer\" value=\"\"><button type=\"submit\" name=\"wpforms[submit]\" id=\"wpforms-submit-40\" class=\"wpforms-submit\" data-alt-text=\"Siun\u010diama...\" data-submit-text=\"Si\u0173sti\" aria-live=\"assertive\" value=\"wpforms-submit\">Si\u0173sti<\/button><img decoding=\"async\" src=\"https:\/\/numlica.com\/wp-content\/plugins\/wpforms-lite\/assets\/images\/submit-spin.svg\" class=\"wpforms-submit-spinner\" style=\"display: none;\" width=\"26\" height=\"26\" alt=\"Loading\"><\/div><\/form><\/div>  <!-- .wpforms-container -->\t\t\t\t<\/div>\n\t\t\t\t<\/div>\n\t\t\t\t<\/div>\n\t\t\t\t\t<\/div>\n\t\t\t\t<\/div>\n\t\t\t\t<\/div>\n\t\t","protected":false},"excerpt":{"rendered":"<p>Apie mus M\u016bs\u0173 istorija \u012ek\u016br\u0117me NUMLICA su vienu tikslu \u2013 padaryti finansus ai\u0161kius ir suprantamus. Pavadinimas NUMLICA kil\u0119s i\u0161 \u017eod\u017ei\u0173 [&hellip;]<\/p>\n","protected":false},"author":1,"featured_media":0,"parent":0,"menu_order":2,"comment_status":"closed","ping_status":"closed","template":"","meta":{"site-sidebar-layout":"no-sidebar","site-content-layout":"","ast-site-content-layout":"full-width-container","site-content-style":"default","site-sidebar-style":"default","ast-global-header-display":"","ast-banner-title-visibility":"","ast-main-header-display":"","ast-hfb-above-header-display":"","ast-hfb-below-header-display":"","ast-hfb-mobile-header-display":"","site-post-title":"disabled","ast-breadcrumbs-content":"","ast-featured-img":"disabled","footer-sml-layout":"","theme-transparent-header-meta":"enabled","adv-header-id-meta":"","stick-header-meta":"","header-above-stick-meta":"","header-main-stick-meta":"","header-below-stick-meta":"","astra-migrate-meta-layouts":"default","ast-page-background-enabled":"default","ast-page-background-meta":{"desktop":{"background-color":"var(--ast-global-color-4)","background-image":"","background-repeat":"repeat","background-position":"center center","background-size":"auto","background-attachment":"scroll","background-type":"","background-media":"","overlay-type":"","overlay-color":"","overlay-opacity":"","overlay-gradient":""},"tablet":{"background-color":"","background-image":"","background-repeat":"repeat","background-position":"center center","background-size":"auto","background-attachment":"scroll","background-type":"","background-media":"","overlay-type":"","overlay-color":"","overlay-opacity":"","overlay-gradient":""},"mobile":{"background-color":"","background-image":"","background-repeat":"repeat","background-position":"center center","background-size":"auto","background-attachment":"scroll","background-type":"","background-media":"","overlay-type":"","overlay-color":"","overlay-opacity":"","overlay-gradient":""}},"ast-content-background-meta":{"desktop":{"background-color":"var(--ast-global-color-5)","background-image":"","background-repeat":"repeat","background-position":"center center","background-size":"auto","background-attachment":"scroll","background-type":"","background-media":"","overlay-type":"","overlay-color":"","overlay-opacity":"","overlay-gradient":""},"tablet":{"background-color":"var(--ast-global-color-5)","background-image":"","background-repeat":"repeat","background-position":"center center","background-size":"auto","background-attachment":"scroll","background-type":"","background-media":"","overlay-type":"","overlay-color":"","overlay-opacity":"","overlay-gradient":""},"mobile":{"background-color":"var(--ast-global-color-5)","background-image":"","background-repeat":"repeat","background-position":"center center","background-size":"auto","background-attachment":"scroll","background-type":"","background-media":"","overlay-type":"","overlay-color":"","overlay-opacity":"","overlay-gradient":""}},"footnotes":""},"class_list":["post-1236","page","type-page","status-publish","hentry"],"_hostinger_reach_plugin_has_subscription_block":false,"_hostinger_reach_plugin_is_elementor":false,"_links":{"self":[{"href":"https:\/\/numlica.com\/lt\/wp-json\/wp\/v2\/pages\/1236","targetHints":{"allow":["GET"]}}],"collection":[{"href":"https:\/\/numlica.com\/lt\/wp-json\/wp\/v2\/pages"}],"about":[{"href":"https:\/\/numlica.com\/lt\/wp-json\/wp\/v2\/types\/page"}],"author":[{"embeddable":true,"href":"https:\/\/numlica.com\/lt\/wp-json\/wp\/v2\/users\/1"}],"replies":[{"embeddable":true,"href":"https:\/\/numlica.com\/lt\/wp-json\/wp\/v2\/comments?post=1236"}],"version-history":[{"count":7,"href":"https:\/\/numlica.com\/lt\/wp-json\/wp\/v2\/pages\/1236\/revisions"}],"predecessor-version":[{"id":1449,"href":"https:\/\/numlica.com\/lt\/wp-json\/wp\/v2\/pages\/1236\/revisions\/1449"}],"wp:attachment":[{"href":"https:\/\/numlica.com\/lt\/wp-json\/wp\/v2\/media?parent=1236"}],"curies":[{"name":"wp","href":"https:\/\/api.w.org\/{rel}","templated":true}]}}